{"id":67,"date":"2019-02-28T11:51:23","date_gmt":"2019-02-28T11:51:23","guid":{"rendered":"http:\/\/pdm.guimaraes.pt\/?page_id=67"},"modified":"2025-06-06T12:06:23","modified_gmt":"2025-06-06T12:06:23","slug":"contactos","status":"publish","type":"page","link":"https:\/\/pdm.guimaraes.pt\/?page_id=67","title":{"rendered":"Contactos"},"content":{"rendered":"<p>Largo C\u00f3nego Jos\u00e9 Maria Gomes<br \/>C\u00e2mara Municipal de Guimar\u00e3es<br \/>4804-534 Guimar\u00e3es<br \/><strong>Telf. <\/strong>253 421 230<br \/><strong>Email: <\/strong>revisao.pdm@cm-guimaraes.pt<\/p>\n\n\n<p><\/p>\n","protected":false},"excerpt":{"rendered":"<p>Largo C\u00f3nego Jos\u00e9 Maria GomesC\u00e2mara Municipal de Guimar\u00e3es4804-534 Guimar\u00e3esTelf. 253 421 230Email: revisao.pdm@cm-guimaraes.pt<\/p>\n","protected":false},"author":1,"featured_media":0,"parent":0,"menu_order":0,"comment_status":"closed","ping_status":"closed","template":"fullwidth-page.php","meta":{"footnotes":""},"class_list":["post-67","page","type-page","status-publish","hentry"],"_links":{"self":[{"href":"https:\/\/pdm.guimaraes.pt\/index.php?rest_route=\/wp\/v2\/pages\/67"}],"collection":[{"href":"https:\/\/pdm.guimaraes.pt\/index.php?rest_route=\/wp\/v2\/pages"}],"about":[{"href":"https:\/\/pdm.guimaraes.pt\/index.php?rest_route=\/wp\/v2\/types\/page"}],"author":[{"embeddable":true,"href":"https:\/\/pdm.guimaraes.pt\/index.php?rest_route=\/wp\/v2\/users\/1"}],"replies":[{"embeddable":true,"href":"https:\/\/pdm.guimaraes.pt\/index.php?rest_route=%2Fwp%2Fv2%2Fcomments&post=67"}],"version-history":[{"count":7,"href":"https:\/\/pdm.guimaraes.pt\/index.php?rest_route=\/wp\/v2\/pages\/67\/revisions"}],"predecessor-version":[{"id":230,"href":"https:\/\/pdm.guimaraes.pt\/index.php?rest_route=\/wp\/v2\/pages\/67\/revisions\/230"}],"wp:attachment":[{"href":"https:\/\/pdm.guimaraes.pt\/index.php?rest_route=%2Fwp%2Fv2%2Fmedia&parent=67"}],"curies":[{"name":"wp","href":"https:\/\/api.w.org\/{rel}","templated":true}]}}