{"id":432,"date":"2025-05-29T14:49:33","date_gmt":"2025-05-29T14:49:33","guid":{"rendered":"https:\/\/pdm.guimaraes.pt\/?page_id=432"},"modified":"2025-05-30T09:44:34","modified_gmt":"2025-05-30T09:44:34","slug":"planta-de-condicionantes-anexo-i-areas-prioritarias-de-prevencao-e-seguranca-apps","status":"publish","type":"page","link":"https:\/\/pdm.guimaraes.pt\/?page_id=432","title":{"rendered":"Planta de Condicionantes &#8211; Anexo I &#8211; \u00c1reas Priorit\u00e1rias de Preven\u00e7\u00e3o e Seguran\u00e7a (APPS)"},"content":{"rendered":"\n<p><a href=\"http:\/\/pdm.guimaraes.pt\/wp-content\/uploads\/2025\/05\/0308_condicionantes_anexoI_APPS_057-4.pdf\">057-4<\/a><br><a href=\"http:\/\/pdm.guimaraes.pt\/wp-content\/uploads\/2025\/05\/0308_condicionantes_anexoI_APPS_070-2.pdf\">070-2<\/a><br><a href=\"http:\/\/pdm.guimaraes.pt\/wp-content\/uploads\/2025\/05\/0308_condicionantes_anexoI_APPS_070-3.pdf\">070-3<\/a><br><a href=\"http:\/\/pdm.guimaraes.pt\/wp-content\/uploads\/2025\/05\/0308_condicionantes_anexoI_APPS_070-4.pdf\">070-4<\/a><br><a href=\"http:\/\/pdm.guimaraes.pt\/wp-content\/uploads\/2025\/05\/0308_condicionantes_anexoI_APPS_071-1.pdf\">071-1<\/a><br><a href=\"http:\/\/pdm.guimaraes.pt\/wp-content\/uploads\/2025\/05\/0308_condicionantes_anexoI_APPS_071-2.pdf\">071-2<\/a><br><a href=\"http:\/\/pdm.guimaraes.pt\/wp-content\/uploads\/2025\/05\/0308_condicionantes_anexoI_APPS_071-3.pdf\">071-3<\/a><br><a href=\"http:\/\/pdm.guimaraes.pt\/wp-content\/uploads\/2025\/05\/0308_condicionantes_anexoI_APPS_070-4.pdf\">071-4<\/a><br><a href=\"http:\/\/pdm.guimaraes.pt\/wp-content\/uploads\/2025\/05\/0308_condicionantes_anexoI_APPS_084-1.pdf\">084-1<\/a><br><a href=\"http:\/\/pdm.guimaraes.pt\/wp-content\/uploads\/2025\/05\/0308_condicionantes_anexoI_APPS_085-2.pdf\">084-2<\/a><br><a href=\"http:\/\/pdm.guimaraes.pt\/wp-content\/uploads\/2025\/05\/0308_condicionantes_anexoI_APPS_084-4.pdf\">084-4<\/a><br><a href=\"http:\/\/pdm.guimaraes.pt\/wp-content\/uploads\/2025\/05\/0308_condicionantes_anexoI_APPS_085-1.pdf\">085-1<\/a><br><a href=\"http:\/\/pdm.guimaraes.pt\/wp-content\/uploads\/2025\/05\/0308_condicionantes_anexoI_APPS_085-2.pdf\">085-2<\/a><br><a href=\"http:\/\/pdm.guimaraes.pt\/wp-content\/uploads\/2025\/05\/0308_condicionantes_anexoI_APPS_085-2.pdf\">085-3<\/a><br><a href=\"http:\/\/pdm.guimaraes.pt\/wp-content\/uploads\/2025\/05\/0308_condicionantes_anexoI_APPS_085-4.pdf\">085-4<\/a><br><a href=\"http:\/\/pdm.guimaraes.pt\/wp-content\/uploads\/2025\/05\/0308_condicionantes_anexoI_APPS_098-2.pdf\">098-2<\/a><br><a href=\"http:\/\/pdm.guimaraes.pt\/wp-content\/uploads\/2025\/05\/0308_condicionantes_geral_099-1.pdf\">099-1<\/a><\/p>\n\n\n\n<p><\/p>\n","protected":false},"excerpt":{"rendered":"<p>057-4070-2070-3070-4071-1071-2071-3071-4084-1084-2084-4085-1085-2085-3085-4098-2099-1<\/p>\n","protected":false},"author":2,"featured_media":0,"parent":0,"menu_order":0,"comment_status":"closed","ping_status":"closed","template":"","meta":{"footnotes":""},"class_list":["post-432","page","type-page","status-publish","hentry"],"_links":{"self":[{"href":"https:\/\/pdm.guimaraes.pt\/index.php?rest_route=\/wp\/v2\/pages\/432"}],"collection":[{"href":"https:\/\/pdm.guimaraes.pt\/index.php?rest_route=\/wp\/v2\/pages"}],"about":[{"href":"https:\/\/pdm.guimaraes.pt\/index.php?rest_route=\/wp\/v2\/types\/page"}],"author":[{"embeddable":true,"href":"https:\/\/pdm.guimaraes.pt\/index.php?rest_route=\/wp\/v2\/users\/2"}],"replies":[{"embeddable":true,"href":"https:\/\/pdm.guimaraes.pt\/index.php?rest_route=%2Fwp%2Fv2%2Fcomments&post=432"}],"version-history":[{"count":4,"href":"https:\/\/pdm.guimaraes.pt\/index.php?rest_route=\/wp\/v2\/pages\/432\/revisions"}],"predecessor-version":[{"id":502,"href":"https:\/\/pdm.guimaraes.pt\/index.php?rest_route=\/wp\/v2\/pages\/432\/revisions\/502"}],"wp:attachment":[{"href":"https:\/\/pdm.guimaraes.pt\/index.php?rest_route=%2Fwp%2Fv2%2Fmedia&parent=432"}],"curies":[{"name":"wp","href":"https:\/\/api.w.org\/{rel}","templated":true}]}}