{"id":27,"date":"2019-02-26T10:36:26","date_gmt":"2019-02-26T10:36:26","guid":{"rendered":"http:\/\/pdm.guimaraes.pt\/?page_id=27"},"modified":"2025-06-06T12:18:44","modified_gmt":"2025-06-06T12:18:44","slug":"2a-revisao-do-pdm-de-guimaraes","status":"publish","type":"page","link":"https:\/\/pdm.guimaraes.pt\/?page_id=27","title":{"rendered":"2\u00aa revis\u00e3o do PDM"},"content":{"rendered":"<p>A C\u00e2mara Municipal de Guimar\u00e3es, por delibera\u00e7\u00e3o tomada em reuni\u00e3o p\u00fablica realizada no dia 13 de dezembro de 2018, deu in\u00edcio \u00e0 elabora\u00e7\u00e3o da 2\u00aa Revis\u00e3o do Plano Diretor Municipal (PDM), conforme <a href=\"http:\/\/pdm.guimaraes.pt\/wp-content\/uploads\/2019\/04\/Av1780-2019-de-31-01.pdf\">Aviso n.\u00ba 17805\/2019<\/a> publicado no Di\u00e1rio da Rep\u00fablica, 2\u00aa s\u00e9rie, N.\u00ba 22, de 31 de janeiro de 2019.<\/p>\n<p>A 2\u00aa revis\u00e3o do Plano \u00e9 sustentada, antes de mais, na imposi\u00e7\u00e3o legal de adapta\u00e7\u00e3o do Plano em vigor \u00e0 legisla\u00e7\u00e3o entretanto em aplica\u00e7\u00e3o [nomeadamente Lei de Bases da Pol\u00edtica P\u00fablica de Solos, de Ordenamento do Territ\u00f3rio e Urbanismo (<a href=\"http:\/\/pdm.guimaraes.pt\/wp-content\/uploads\/2019\/04\/L31-2014-de-30-05.pdf\">Lei n\u00ba 31\/2014<\/a>, de 30 de maio); Regime Jur\u00eddico dos Instrumentos de Gest\u00e3o Territorial (<a href=\"http:\/\/pdm.guimaraes.pt\/wp-content\/uploads\/2019\/04\/DL80-15-de-14-05.pdf\">Decreto-Lei n\u00ba 80\/201<\/a>5, de 14 de maio); Sistema de Classifica\u00e7\u00e3o e Qualifica\u00e7\u00e3o do solo (<a href=\"http:\/\/pdm.guimaraes.pt\/wp-content\/uploads\/2019\/04\/DR15-2015-de-19-08.pdf\">Decreto Regulamentar n\u00ba 15\/2015<\/a>, de 19 de agosto), em articula\u00e7\u00e3o com a publica\u00e7\u00e3o de altera\u00e7\u00f5es aos regimes jur\u00eddicos da Reserva Ecol\u00f3gica Nacional e Reserva Agr\u00edcola Nacional], \u00e9 convic\u00e7\u00e3o de que esta revis\u00e3o do Plano tamb\u00e9m representa uma oportunidade de ajustamento, corre\u00e7\u00e3o e melhoria do Plano, quer por for\u00e7a de informa\u00e7\u00e3o adquirida (tanto quanto poss\u00edvel), quer pela identifica\u00e7\u00e3o de lapsos e omiss\u00f5es influenciadoras da classifica\u00e7\u00e3o de solo pontual e espec\u00edfica.<\/p>\n<p>Esta revis\u00e3o do PDM, permitir\u00e1 refor\u00e7ar a respostas aos seguintes objetivos:<\/p>\n<ul>\n<li>adaptar o territ\u00f3rio para os desafios das altera\u00e7\u00f5es clim\u00e1ticas<\/li>\n<li>contrariar a edifica\u00e7\u00e3o dispersa<\/li>\n<li>promover o planeamento sustent\u00e1vel<\/li>\n<li>promover a reabilita\u00e7\u00e3o e a regenera\u00e7\u00e3o urbana<\/li>\n<li>promover o desenvolvimento da atividade econ\u00f3mica<\/li>\n<li>melhorar das condi\u00e7\u00f5es de mobilidade urbana<\/li>\n<li>promover a coes\u00e3o territorial<\/li>\n<\/ul>\n","protected":false},"excerpt":{"rendered":"<p>A C\u00e2mara Municipal de Guimar\u00e3es, por delibera\u00e7\u00e3o tomada em reuni\u00e3o p\u00fablica realizada no dia 13 de dezembro de 2018, deu in\u00edcio \u00e0 elabora\u00e7\u00e3o da 2\u00aa Revis\u00e3o do Plano Diretor Municipal (PDM), conforme Aviso n.\u00ba 17805\/2019 publicado no Di\u00e1rio da Rep\u00fablica, 2\u00aa s\u00e9rie, N.\u00ba 22, de 31 de janeiro de 2019. A 2\u00aa revis\u00e3o do Plano [&hellip;]<\/p>\n","protected":false},"author":1,"featured_media":0,"parent":0,"menu_order":0,"comment_status":"closed","ping_status":"closed","template":"fullwidth-page.php","meta":{"footnotes":""},"class_list":["post-27","page","type-page","status-publish","hentry"],"_links":{"self":[{"href":"https:\/\/pdm.guimaraes.pt\/index.php?rest_route=\/wp\/v2\/pages\/27"}],"collection":[{"href":"https:\/\/pdm.guimaraes.pt\/index.php?rest_route=\/wp\/v2\/pages"}],"about":[{"href":"https:\/\/pdm.guimaraes.pt\/index.php?rest_route=\/wp\/v2\/types\/page"}],"author":[{"embeddable":true,"href":"https:\/\/pdm.guimaraes.pt\/index.php?rest_route=\/wp\/v2\/users\/1"}],"replies":[{"embeddable":true,"href":"https:\/\/pdm.guimaraes.pt\/index.php?rest_route=%2Fwp%2Fv2%2Fcomments&post=27"}],"version-history":[{"count":10,"href":"https:\/\/pdm.guimaraes.pt\/index.php?rest_route=\/wp\/v2\/pages\/27\/revisions"}],"predecessor-version":[{"id":198,"href":"https:\/\/pdm.guimaraes.pt\/index.php?rest_route=\/wp\/v2\/pages\/27\/revisions\/198"}],"wp:attachment":[{"href":"https:\/\/pdm.guimaraes.pt\/index.php?rest_route=%2Fwp%2Fv2%2Fmedia&parent=27"}],"curies":[{"name":"wp","href":"https:\/\/api.w.org\/{rel}","templated":true}]}}