{"id":261,"date":"2025-05-28T14:21:01","date_gmt":"2025-05-28T14:21:01","guid":{"rendered":"https:\/\/pdm.guimaraes.pt\/?page_id=261"},"modified":"2025-09-19T15:00:19","modified_gmt":"2025-09-19T15:00:19","slug":"discussao-publica","status":"publish","type":"page","link":"https:\/\/pdm.guimaraes.pt\/?page_id=261","title":{"rendered":"Discuss\u00e3o P\u00fablica"},"content":{"rendered":"\n<p>No seguimento da delibera\u00e7\u00e3o da reuni\u00e3o do executivo Municipal, realizada no dia 5 de maio de 2025, foi aprovada a abertura do per\u00edodo de discuss\u00e3o p\u00fablica da 2\u00aa Revis\u00e3o do Plano Diretor Municipal (PDM).<br>A C\u00e2mara Municipal fixou um per\u00edodo de 30 dias seguidos, contados a partir do 5.\u00ba dia \u00fatil da publica\u00e7\u00e3o do aviso em Di\u00e1rio da Rep\u00fablica, para a apresenta\u00e7\u00e3o de reclama\u00e7\u00f5es, sugest\u00f5es ou observa\u00e7\u00f5es no \u00e2mbito do referido procedimento.<br>O referido prazo decorreu de <strong>4 de junho de 2025 a 3 de julho de 2025<\/strong>, nos termos do Aviso n.\u00ba 13511\/2025\/2 de 27 de maio de 2025, publicado em Di\u00e1rio da Rep\u00fablica n.\u00ba 101\/2025, S\u00e9rie II.<br>Durante esse per\u00edodo, os elementos referentes ao procedimento de 2\u00aa revis\u00e3o do Plano Diretor Municipal, estiveram dispon\u00edveis para consulta na Divis\u00e3o de Planeamento e Ordenamento do Territ\u00f3rio (DPOT), da C\u00e2mara Municipal de Guimar\u00e3es, no Largo C\u00f3nego Maria Gomes, das 9:00 \u00e0s 13:00 e das 14:00 as 17:00 e nos dias n\u00e3o \u00fateis das 10:00 \u00e0s 12:30 e das 15:00 \u00e0s 17:00, e no s\u00edtio do Munic\u00edpio <a href=\"http:\/\/www.cm-guimaraes.pt\" target=\"_blank\" rel=\"noreferrer noopener\">http:\/\/www.cm-guimaraes.pt<\/a>.<\/p>\n\n\n\n<p><br><\/p>\n\n\n\n<p>No seguimento da delibera\u00e7\u00e3o da reuni\u00e3o do executivo Municipal, realizada no dia 16 de julho de 2025, foi aprovada a abertura do <strong>per\u00edodo adicional de discuss\u00e3o p\u00fablica da 2\u00aa Revis\u00e3o do Plano Diretor Municipal (PDM)<\/strong>. A C\u00e2mara Municipal fixou um per\u00edodo de 14 dias seguidos, contados a partir do 5.\u00ba dia \u00fatil da publica\u00e7\u00e3o do aviso em Di\u00e1rio da Rep\u00fablica, para a apresenta\u00e7\u00e3o de reclama\u00e7\u00f5es, sugest\u00f5es ou observa\u00e7\u00f5es no \u00e2mbito do referido procedimento. Assim, o referido prazo ir\u00e1 decorrer de <strong>28 de julho de 2025 a 10 de agosto de 2025<\/strong>, nos termos do Aviso n.\u00ba 17954-A\/2025\/2 de 18 de julho de 2025, publicado em Di\u00e1rio da Rep\u00fablica n.\u00ba 137\/2025, Suplemento, 2\u00aa S\u00e9rie II.&nbsp;<\/p>\n\n\n\n<p>Os interessados poder\u00e3o apresentar as suas reclama\u00e7\u00f5es, observa\u00e7\u00f5es ou sugest\u00f5es, por escrito, atrav\u00e9s de impresso pr\u00f3prio dispon\u00edvel no Balc\u00e3o \u00danico de Atendimento ou no s\u00edtio do Munic\u00edpio, dirigidas ao Presidente da C\u00e2mara Municipal, devidamente fundamentadas e identificadas, podendo ser entregues presencialmente, enviadas por via postal em carta registada com aviso de rece\u00e7\u00e3o para a morada Largo C\u00f3nego Maria Gomes, 4804-534 Guimar\u00e3es, ou por via eletr\u00f3nica atrav\u00e9s do endere\u00e7o eletr\u00f3nico <strong>revisao.pdm@cm-guimaraes.pt<\/strong>.<br><br><br><\/p>\n\n\n\n<p>No seguimento da delibera\u00e7\u00e3o da reuni\u00e3o do executivo Municipal, realizada no dia 1 de setembro de 2025, foi aprovado o Relat\u00f3rio de Pondera\u00e7\u00e3o da Discuss\u00e3o P\u00fablica da 2\u00aa Revis\u00e3o do Plano Diretor Municipal (PDM).<\/p>\n\n\n\n<p>Para efeitos do estipulado no n.\u00ba 6, do artigo 89.\u00ba do Regime Jur\u00eddico dos Instrumentos de Gest\u00e3o Territorial, procede-se \u00e0 divulga\u00e7\u00e3o do referido Relat\u00f3rio de Pondera\u00e7\u00e3o, bem como respetiva tabela Anexa.<\/p>\n\n\n\n<p><br>Documentos atualizados de acordo com a aprova\u00e7\u00e3o em Reuni\u00e3o de C\u00e2mara ocorrida a 18\/9\/2025.<br><a href=\"http:\/\/pdm.guimaraes.pt\/wp-content\/uploads\/2025\/09\/0308_relatorio_ponderacao-1.pdf\">Relat\u00f3rio de pondera\u00e7\u00e3o<\/a><br><a href=\"http:\/\/pdm.guimaraes.pt\/wp-content\/uploads\/2025\/09\/Anexo-I_relatorio_ponderacao.pdf\">Tabela anexa ao relatorio de pondera\u00e7\u00e3o<\/a><br><br><br><br><strong>Perguntas frequentes<\/strong>:<br><a href=\"https:\/\/www.cm-guimaraes.pt\/areas-de-intervencao\/urbanismo\/plano-diretor-municipal-pdm\/2-revisao-do-plano-diretor-municipal-de-guimaraes\" data-type=\"link\" data-id=\"https:\/\/www.cm-guimaraes.pt\/areas-de-intervencao\/urbanismo\/plano-diretor-municipal-pdm\/2-revisao-do-plano-diretor-municipal-de-guimaraes\" target=\"_blank\" rel=\"noreferrer noopener\">Informa\u00e7\u00e3o geral sobre a suspens\u00e3o de procedimentos no \u00e2mbito do per\u00edodo de discuss\u00e3o p\u00fablica da 2\u00aa revis\u00e3o do Plano Diretor Municipal de Guimar\u00e3es<\/a><br><br><br><\/p>\n\n\n\n<p><strong>Consulte aqui os elementos que constituem o PDM <\/strong>(vers\u00e3o submetida a Discuss\u00e3o P\u00fablica)<strong>:<\/strong><\/p>\n\n\n\n<p><a href=\"http:\/\/pdm.guimaraes.pt\/wp-content\/uploads\/2025\/05\/0308_regulamento.pdf\" target=\"_blank\" rel=\"noreferrer noopener\">Regulamento<\/a><\/p>\n\n\n\n<p><strong>Plantas<\/strong>:<br><em>Localize a freguesia e clique na carta correspondente (Ex.: Freguesia de Ronfe &#8211;  Carta 084-2)<\/em><\/p>\n\n\n\n<p><!DOCTYPE html>\n<html lang=\"pt\">\n<head>\n  <meta charset=\"UTF-8\">\n  <title>MAPA<\/title>\n  <style>\n    svg {\n      width: 100%;\n      height: auto;\n      display: block;\n    }\n\n    a text {\n      font-family: sans-serif;\n      font-size: 18px;\n      font-weight: bold;\n      fill: red;\n      text-decoration: none;\n    }\n\n    a:hover text {\n      text-decoration: underline;\n    }\n  <\/style>\n<\/head>\n<body>\n\n<svg viewBox=\"0 0 957 768\" xmlns=\"http:\/\/www.w3.org\/2000\/svg\">\n  <image href=\"mapa1.png\" x=\"0\" y=\"0\" width=\"957\" height=\"768\"\/>\n\n  <!-- Labels posicionadas sobre o mapa -->\n  <a target=\"_blank\" href=\"https:\/\/www.cm-guimaraes.pt\/pdm-2025-ficheiros?folders_list_193_folder_id=2541\" rel=\"noopener\"><text x=\"665\" y=\"160\">057-4<\/text><\/a>\n  <a target=\"_blank\" href=\"https:\/\/www.cm-guimaraes.pt\/pdm-2025-ficheiros?folders_list_193_folder_id=2546\" rel=\"noopener\"><text x=\"665\" y=\"250\">071-2<\/text><\/a>\n  <a target=\"_blank\" href=\"https:\/\/www.cm-guimaraes.pt\/discussao-publica-27?folders_list_193_folder_id=2548\" rel=\"noopener\"><text x=\"665\" y=\"340\">071-4<\/text><\/a>\n  <a target=\"_blank\" href=\"https:\/\/www.cm-guimaraes.pt\/pdm-2025-ficheiros?folders_list_193_folder_id=2553\" rel=\"noopener\"><text x=\"665\" y=\"430\">085-2<\/text><\/a>\n  <a target=\"_blank\" href=\"https:\/\/www.cm-guimaraes.pt\/pdm-2025-ficheiros?folders_list_193_folder_id=2555\" rel=\"noopener\"><text x=\"665\" y=\"522\">085-4<\/text><\/a>\n  <a target=\"_blank\" href=\"https:\/\/www.cm-guimaraes.pt\/pdm-2025-ficheiros?folders_list_193_folder_id=2554\" rel=\"noopener\"><text x=\"520\" y=\"522\">085-3<\/text><\/a>\n  <a target=\"_blank\" href=\"https:\/\/www.cm-guimaraes.pt\/pdm-2025-ficheiros?folders_list_193_folder_id=2552\" rel=\"noopener\"><text x=\"520\" y=\"430\">085-1<\/text><\/a>\n  <a target=\"_blank\" href=\"https:\/\/www.cm-guimaraes.pt\/pdm-2025-ficheiros?folders_list_193_folder_id=2547\" rel=\"noopener\"><text x=\"520\" y=\"340\">071-3<\/text><\/a>\n  <a target=\"_blank\" href=\"https:\/\/www.cm-guimaraes.pt\/pdm-2025-ficheiros?folders_list_193_folder_id=2545\" rel=\"noopener\"><text x=\"520\" y=\"250\">071-1<\/text><\/a>\n  <a target=\"_blank\" href=\"https:\/\/www.cm-guimaraes.pt\/pdm-2025-ficheiros?folders_list_193_folder_id=2542\" rel=\"noopener\"><text x=\"380\" y=\"250\">070-2<\/text><\/a>\n  <a target=\"_blank\" href=\"https:\/\/www.cm-guimaraes.pt\/pdm-2025-ficheiros?folders_list_193_folder_id=2544\" rel=\"noopener\"><text x=\"380\" y=\"340\">070-4<\/text><\/a>\n  <a target=\"_blank\" href=\"https:\/\/www.cm-guimaraes.pt\/pdm-2025-ficheiros?folders_list_193_folder_id=2543\" rel=\"noopener\"><text x=\"230\" y=\"340\">070-3<\/text><\/a>\n  <a target=\"_blank\" href=\"https:\/\/www.cm-guimaraes.pt\/pdm-2025-ficheiros?folders_list_193_folder_id=2549\" rel=\"noopener\"><text x=\"230\" y=\"430\">084-1<\/text><\/a>\n  <a target=\"_blank\" href=\"https:\/\/www.cm-guimaraes.pt\/pdm-2025-ficheiros?folders_list_193_folder_id=2550\" rel=\"noopener\"><text x=\"380\" y=\"430\">084-2<\/text><\/a>\n  <a target=\"_blank\" href=\"https:\/\/www.cm-guimaraes.pt\/pdm-2025-ficheiros?folders_list_193_folder_id=2551\" rel=\"noopener\"><text x=\"380\" y=\"522\">084-4<\/text><\/a>\n  <a target=\"_blank\" href=\"https:\/\/www.cm-guimaraes.pt\/pdm-2025-ficheiros?folders_list_193_folder_id=2556\" rel=\"noopener\"><text x=\"380\" y=\"610\">098-2<\/text><\/a>\n  <a target=\"_blank\" href=\"https:\/\/www.cm-guimaraes.pt\/pdm-2025-ficheiros?folders_list_193_folder_id=2557\" rel=\"noopener\"><text x=\"522\" y=\"610\">099-1<\/text><\/a>\n<\/svg>\n\n<\/body>\n<\/html>\n<\/p>\n\n\n\n<p><\/p>\n\n\n\n<p><strong>Para consultar os elementos que acompanham o PDM clique <a href=\"https:\/\/pdm.guimaraes.pt\/?page_id=65\" data-type=\"link\" data-id=\"https:\/\/pdm.guimaraes.pt\/?page_id=65\" target=\"_blank\" rel=\"noreferrer noopener\">aqui <\/a>ou aceda ao separador Documentos da Revis\u00e3o<\/strong> &#8211; <strong>Proposta de Plano<\/strong><\/p>\n\n\n\n<p><\/p>\n","protected":false},"excerpt":{"rendered":"<p>No seguimento da delibera\u00e7\u00e3o da reuni\u00e3o do executivo Municipal, realizada no dia 5 de maio de 2025, foi aprovada a abertura do per\u00edodo de discuss\u00e3o p\u00fablica da 2\u00aa Revis\u00e3o do Plano Diretor Municipal (PDM).A C\u00e2mara Municipal fixou um per\u00edodo de 30 dias seguidos, contados a partir do 5.\u00ba dia \u00fatil da publica\u00e7\u00e3o do aviso em [&hellip;]<\/p>\n","protected":false},"author":2,"featured_media":0,"parent":0,"menu_order":0,"comment_status":"closed","ping_status":"closed","template":"fullwidth-page.php","meta":{"footnotes":""},"class_list":["post-261","page","type-page","status-publish","hentry"],"_links":{"self":[{"href":"https:\/\/pdm.guimaraes.pt\/index.php?rest_route=\/wp\/v2\/pages\/261"}],"collection":[{"href":"https:\/\/pdm.guimaraes.pt\/index.php?rest_route=\/wp\/v2\/pages"}],"about":[{"href":"https:\/\/pdm.guimaraes.pt\/index.php?rest_route=\/wp\/v2\/types\/page"}],"author":[{"embeddable":true,"href":"https:\/\/pdm.guimaraes.pt\/index.php?rest_route=\/wp\/v2\/users\/2"}],"replies":[{"embeddable":true,"href":"https:\/\/pdm.guimaraes.pt\/index.php?rest_route=%2Fwp%2Fv2%2Fcomments&post=261"}],"version-history":[{"count":41,"href":"https:\/\/pdm.guimaraes.pt\/index.php?rest_route=\/wp\/v2\/pages\/261\/revisions"}],"predecessor-version":[{"id":813,"href":"https:\/\/pdm.guimaraes.pt\/index.php?rest_route=\/wp\/v2\/pages\/261\/revisions\/813"}],"wp:attachment":[{"href":"https:\/\/pdm.guimaraes.pt\/index.php?rest_route=%2Fwp%2Fv2%2Fmedia&parent=261"}],"curies":[{"name":"wp","href":"https:\/\/api.w.org\/{rel}","templated":true}]}}