{"id":74,"date":"2019-03-01T11:52:54","date_gmt":"2019-03-01T11:52:54","guid":{"rendered":"http:\/\/pdm.guimaraes.pt\/?page_id=74"},"modified":"2025-05-30T14:37:50","modified_gmt":"2025-05-30T14:37:50","slug":"participacao","status":"publish","type":"page","link":"http:\/\/pdm.guimaraes.pt\/?page_id=74","title":{"rendered":"Participa\u00e7\u00e3o"},"content":{"rendered":"<p><strong>Participa\u00e7\u00e3o preventiva:<\/strong><\/p>\n<p>Entre 1 e 21 de fevereiro de 2019 decorreu o momento inicial de participa\u00e7\u00e3o (preventiva), realizado ap\u00f3s a delibera\u00e7\u00e3o de abertura do procedimento da 2.\u00aa revis\u00e3o do PDM de Guimar\u00e3es, que pretendeu auscultar a comunidade sobre as suas preocupa\u00e7\u00f5es, objetivos e entendimentos sobre o territ\u00f3rio concelhio.<\/p>\n<p>&nbsp;<\/p>\n<p><strong>Sugest\u00f5es:<\/strong><\/p>\n<p>Em qualquer momento do processo da 2\u00aa Revis\u00e3o do PDM de Guimar\u00e3es, os interessados poder\u00e3o formular sugest\u00f5es, apresentar observa\u00e7\u00f5es ou informa\u00e7\u00f5es, das seguintes formas:<\/p>\n<h5><strong>Presencial<\/strong> \u00a0 \u00a0 Balc\u00e3o \u00danico, das 9:00 \u00e0s 17:00<br \/>\n<strong>Correio<\/strong> \u00a0\u00a0 Munic\u00edpio de Guimar\u00e3es, Largo C\u00f3nego Jos\u00e9 Maria Gomes, 4804-534 Guimar\u00e3es<br \/>\n<strong>Emai<\/strong>l \u00a0\u00a0 revisao.pdm@cm-guimaraes.pt<\/h5>\n<p>Poder\u00e1 ainda solicitar atendimento presencial com a Divis\u00e3o de Planeamento Urban\u00edstico, nos seguintes hor\u00e1rios de atendimento:<\/p>\n<ul>\n<li>Segunda-feira (atendimento sujeito a marca\u00e7\u00e3o pr\u00e9via): das 09h30 \u00e0s 11h30 e das 14h30 \u00e0s 16h30<\/li>\n<li>Quarta (atendimento sujeito a marca\u00e7\u00e3o pr\u00e9via): das 14h30 \u00e0s 16h30<\/li>\n<li>Sexta (atendimento n\u00e3o sujeito a marca\u00e7\u00e3o pr\u00e9via): das 10h00 \u00e0s 12h00<\/li>\n<\/ul>\n","protected":false},"excerpt":{"rendered":"<p>Participa\u00e7\u00e3o preventiva: Entre 1 e 21 de fevereiro de 2019 decorreu o momento inicial de participa\u00e7\u00e3o (preventiva), realizado ap\u00f3s a delibera\u00e7\u00e3o de abertura do procedimento da 2.\u00aa revis\u00e3o do PDM de Guimar\u00e3es, que pretendeu auscultar a comunidade sobre as suas preocupa\u00e7\u00f5es, objetivos e entendimentos sobre o territ\u00f3rio concelhio. &nbsp; Sugest\u00f5es: Em qualquer momento do processo [&hellip;]<\/p>\n","protected":false},"author":1,"featured_media":0,"parent":0,"menu_order":0,"comment_status":"closed","ping_status":"closed","template":"fullwidth-page.php","meta":{"footnotes":""},"class_list":["post-74","page","type-page","status-publish","hentry"],"_links":{"self":[{"href":"http:\/\/pdm.guimaraes.pt\/index.php?rest_route=\/wp\/v2\/pages\/74"}],"collection":[{"href":"http:\/\/pdm.guimaraes.pt\/index.php?rest_route=\/wp\/v2\/pages"}],"about":[{"href":"http:\/\/pdm.guimaraes.pt\/index.php?rest_route=\/wp\/v2\/types\/page"}],"author":[{"embeddable":true,"href":"http:\/\/pdm.guimaraes.pt\/index.php?rest_route=\/wp\/v2\/users\/1"}],"replies":[{"embeddable":true,"href":"http:\/\/pdm.guimaraes.pt\/index.php?rest_route=%2Fwp%2Fv2%2Fcomments&post=74"}],"version-history":[{"count":20,"href":"http:\/\/pdm.guimaraes.pt\/index.php?rest_route=\/wp\/v2\/pages\/74\/revisions"}],"predecessor-version":[{"id":650,"href":"http:\/\/pdm.guimaraes.pt\/index.php?rest_route=\/wp\/v2\/pages\/74\/revisions\/650"}],"wp:attachment":[{"href":"http:\/\/pdm.guimaraes.pt\/index.php?rest_route=%2Fwp%2Fv2%2Fmedia&parent=74"}],"curies":[{"name":"wp","href":"https:\/\/api.w.org\/{rel}","templated":true}]}}