{"id":22,"date":"2019-02-26T10:19:09","date_gmt":"2019-02-26T10:19:09","guid":{"rendered":"http:\/\/pdm.guimaraes.pt\/?page_id=22"},"modified":"2025-06-06T13:18:02","modified_gmt":"2025-06-06T13:18:02","slug":"pdm-de-guimaraes","status":"publish","type":"page","link":"http:\/\/pdm.guimaraes.pt\/?page_id=22","title":{"rendered":"PDM de Guimaraes"},"content":{"rendered":"<p>O territ\u00f3rio \u00e9 um bem comum que importa preservar, ocupar e transformar, numa palavra, gerir em nome de um saud\u00e1vel equil\u00edbrio entre a defesa da riqueza natural, da necessidade humana e da expectativa que a comunidade possui em, continuadamente, melhorar o seu quotidiano.<br \/>\nComo tal, torna-se indispens\u00e1vel estudar o territ\u00f3rio para depois melhor atuar sobre o mesmo, salvaguardando princ\u00edpios de sustentabilidade, desenvolvimento e equidade.<\/p>\n<p>Feito \u00e0 escala municipal (sendo o principal plano que trata e abrange todo o territ\u00f3rio concelhio), o PDM surge assim como um instrumento de atua\u00e7\u00e3o sobre o territ\u00f3rio que visa construir uma estrat\u00e9gia, concertar parcerias e interesses, gerar regras capazes de potenciar uma ocupa\u00e7\u00e3o e transforma\u00e7\u00e3o do solo qualificada e equitativa.<\/p>\n<p>Acessibilidades, espa\u00e7os verdes, edifica\u00e7\u00e3o, equipamentos, patrim\u00f3nio, recursos h\u00eddricos, \u2026, s\u00e3o todos temas que o PDM trata numa vis\u00e3o conjunta e articulada para o mesmo territ\u00f3rio.<\/p>\n<p>Fazemos o PDM para melhor gerir o territ\u00f3rio, melhor potenciar a sua riqueza, melhor atenuar as suas debilidades, melhor alavancar o desenvolvimento e melhor defender a natureza, na pr\u00e1tica, para melhor tratar este imenso espa\u00e7o f\u00edsico que \u00e9 de todos e para todos.<\/p>\n<p>&nbsp;<\/p>\n<p><a href=\"https:\/\/www.cm-guimaraes.pt\/pages\/337\">O 1.\u00ba PDM de Guimar\u00e3es<\/a><\/p>\n<p>O Plano Diretor Municipal de Guimar\u00e3es foi elaborado no per\u00edodo de 1990 a 1993, tendo sido aprovado pela Assembleia Municipal de Guimar\u00e3es em sess\u00e3o de 18 de julho de 1994 e ratificado atrav\u00e9s da <a href=\"http:\/\/pdm.guimaraes.pt\/wp-content\/uploads\/2019\/04\/RCM101-94-de-13-10.pdf\">Resolu\u00e7\u00e3o de Conselho de Ministros n\u00ba101\/94<\/a>, entrando em vigor ap\u00f3s a sua publica\u00e7\u00e3o em Di\u00e1rio da Rep\u00fablica, em 13 de outubro de 1994.<br \/>\n\u201cO Plano Director Municipal de Guimar\u00e3es, ora apresentado, ser\u00e1 o instrumento coordenador e mais privilegiado da pol\u00edtica de ordenamento do territ\u00f3rio e de gest\u00e3o dos espa\u00e7os componentes do Munic\u00edpio e a sua aplica\u00e7\u00e3o visar\u00e1, fundamentalmente, que os anseios e vontades das popula\u00e7\u00f5es sejam consideradas e satisfeitas dentro do que estiver adequado aos interesses nacional e municipal.<br \/>\nO objectivo fundamental deste P.D.M., para al\u00e9m da defini\u00e7\u00e3o das regras para a ocupa\u00e7\u00e3o, uso e transforma\u00e7\u00e3o do solo, \u00e9 o de apoiar a pol\u00edtica de desenvolvimento econ\u00f3mico e social que a din\u00e2mica dos Vimaranenses justifica e exige, determinando as car\u00eancias habitacionais e adequando as solu\u00e7\u00f5es duma pol\u00edtica de habita\u00e7\u00e3o \u00e0s necessidades encontradas e fornecendo, enfim, os indicadores enquadrantes de toda a pol\u00edtica municipal na elabora\u00e7\u00e3o dos Planos de Actividade nos pr\u00f3ximos cinco a dez anos.<br \/>\nComo regulamento administrativo que \u00e9, o P.D.M. \u00e9, simultaneamente, instrumento de emancipa\u00e7\u00e3o do munic\u00edpio relativamente ao Poder Central do Estado na gest\u00e3o do solo abrangido e, por isso, tamb\u00e9m \u00e9 normativo responsabilizante dos \u00f3rg\u00e3os municipais e dos mun\u00edcipes na aplica\u00e7\u00e3o dos princ\u00edpios e regras que ora s\u00e3o propostas.\u201d<br \/>\n<em>In &#8220;Relat\u00f3rio do PDM de Guimar\u00e3es&#8221; em 1993<\/em><\/p>\n<p>&nbsp;<\/p>\n<p><a href=\"https:\/\/www.cm-guimaraes.pt\/pages\/568\">A primeira revis\u00e3o do PDM de Guimar\u00e3es (PDM \u2013 Em vigor)<\/a>\u00a0&#8211;\u00a0<a href=\"https:\/\/www.cm-guimaraes.pt\/areas-de-intervencao\/urbanismo\/plano-diretor-municipal-pdm\/2-revisao-do-plano-diretor-municipal-de-guimaraes\">Suspens\u00e3o de procedimentos no \u00e2mbito do per\u00edodo de discuss\u00e3o p\u00fablica da\u00a02\u00aa revis\u00e3o do Plano Diretor Municipal de Guimar\u00e3es desde o dia 4 de junho de 2025<\/a><\/p>\n<p>Atrav\u00e9s do <a href=\"http:\/\/pdm.guimaraes.pt\/wp-content\/uploads\/2019\/04\/Av9574-2002-de-19-11.pdf\">Aviso n\u00ba 9574\/2002<\/a>, publicado no Di\u00e1rio da Rep\u00fablica n\u00ba 267, 2\u00aa s\u00e9rie, em 19 de novembro de 2002, a C\u00e2mara Municipal de Guimar\u00e3es deliberou, em 4 de julho de 2002, proceder \u00e0 revis\u00e3o do Plano Diretor Municipal de Guimar\u00e3es, ratificado pela Resolu\u00e7\u00e3o do Conselho de Ministros n\u00ba 101\/94, publicada no Di\u00e1rio da Rep\u00fablica, 1\u00aa s\u00e9rie-B, n\u00ba 237, de 13 de outubro de 1994, e parcialmente suspenso pela Resolu\u00e7\u00e3o do Conselho de Ministros n\u00ba 72\/2002, publicada no Di\u00e1rio da Rep\u00fablica, 1\u00aa s\u00e9rie-B, n\u00ba 83, de 9 de abril de 2002.<br \/>\nA proposta final de revis\u00e3o do Plano Diretor Municipal, foi publicada no Di\u00e1rio da Rep\u00fablica, 2\u00aa s\u00e9rie &#8211; N\u00ba 119 de 22 de junho de 2015, <a href=\"http:\/\/pdm.guimaraes.pt\/wp-content\/uploads\/2019\/04\/Av6936-2015-de-22-06.pdf\">Aviso n\u00ba 6936\/2015<\/a>, entrando em vigor no dia 23 de junho de 2015.<br \/>\n\u201cO Plano Diretor Municipal de Guimar\u00e3es explicita a salvaguarda de tr\u00eas requisitos b\u00e1sicos para o planeamento: equil\u00edbrio entre o desejado e a realidade; o compromisso entre o existente e o projetado; o dinamismo apontando um rumo, mas deixando a possibilidade de escolha do melhor caminho em fun\u00e7\u00e3o das circunst\u00e2ncias do momento. O Plano n\u00e3o pretende reescrever a hist\u00f3ria, rompendo com a tradi\u00e7\u00e3o ou com o passado, antes assume a mesma hist\u00f3ria e identidade deste territ\u00f3rio como marca indel\u00e9vel e suporte a todo o trabalho. Por isso mesmo, mais do que inovar ou confrontar, o Plano ajusta o territ\u00f3rio municipal ao momento, procurando entender as suas potencialidades e debilidades, maximizar investimentos e oportunidades, na certeza que o amanh\u00e3 estar\u00e1 necessariamente \u201camarrado\u201d \u00e0 hist\u00f3ria constru\u00edda sobre o territ\u00f3rio, mas tamb\u00e9m suficientemente diferente para motivar uma revisita\u00e7\u00e3o cr\u00edtica do Plano e um ajustamento ao tempo de ent\u00e3o. Como tal, o sucesso deste Plano joga-se no \u201centretanto\u201d, neste tempo entre hoje e o dia da pr\u00f3xima revis\u00e3o do Plano e na capacidade de contemplar, prever, antecipar e concretizar as expectativas da popula\u00e7\u00e3o na constru\u00e7\u00e3o de um territ\u00f3rio municipal t\u00e3o diverso quanto singular.\u201d<br \/>\n<em>In &#8220;Relat\u00f3rio do PDM de Guimar\u00e3es&#8221; em 2015<\/em><\/p>\n<p>&nbsp;<\/p>\n<p><a href=\"http:\/\/pdm.guimaraes.pt\/?page_id=27\">A 2\u00aa revis\u00e3o do PDM de Guimar\u00e3es<\/a><\/p>\n<p>Atrav\u00e9s do <a href=\"http:\/\/pdm.guimaraes.pt\/wp-content\/uploads\/2019\/04\/Av1780-2019-de-31-01.pdf\">Aviso n\u00ba 1780\/2019<\/a>, publicado no Di\u00e1rio da Rep\u00fablica n\u00ba 22, 2\u00aa s\u00e9rie, em 31 de janeiro de 2019, a C\u00e2mara Municipal de Guimar\u00e3es deliberou, em 13 de dezembro de 2018, proceder \u00e0 segunda revis\u00e3o do Plano Diretor Municipal de Guimar\u00e3es.<\/p>\n<p>No seguimento da delibera\u00e7\u00e3o da reuni\u00e3o do executivo Municipal, realizada no dia 5 de maio de 2025, foi aprovada a abertura do per\u00edodo de discuss\u00e3o p\u00fablica da 2\u00aa Revis\u00e3o do Plano Diretor Municipal (PDM).<\/p>\n<p>O prazo ir\u00e1 decorrer de <strong>4 de junho de 2025 a 3 de julho de 2025<\/strong>, nos termos do <a href=\"http:\/\/pdm.guimaraes.pt\/wp-content\/uploads\/2025\/06\/Av-13511-2025-2-de-27-05.pdf\">Aviso n.\u00ba 13511\/2025\/2<\/a> de 27 de maio de 2025, publicado em Di\u00e1rio da Rep\u00fablica n.\u00ba 101\/2025, S\u00e9rie II.<\/p>\n<p>&nbsp;<\/p>\n","protected":false},"excerpt":{"rendered":"<p>O territ\u00f3rio \u00e9 um bem comum que importa preservar, ocupar e transformar, numa palavra, gerir em nome de um saud\u00e1vel equil\u00edbrio entre a defesa da riqueza natural, da necessidade humana e da expectativa que a comunidade possui em, continuadamente, melhorar o seu quotidiano. Como tal, torna-se indispens\u00e1vel estudar o territ\u00f3rio para depois melhor atuar sobre [&hellip;]<\/p>\n","protected":false},"author":1,"featured_media":0,"parent":0,"menu_order":0,"comment_status":"closed","ping_status":"closed","template":"fullwidth-page.php","meta":{"footnotes":""},"class_list":["post-22","page","type-page","status-publish","hentry"],"_links":{"self":[{"href":"http:\/\/pdm.guimaraes.pt\/index.php?rest_route=\/wp\/v2\/pages\/22"}],"collection":[{"href":"http:\/\/pdm.guimaraes.pt\/index.php?rest_route=\/wp\/v2\/pages"}],"about":[{"href":"http:\/\/pdm.guimaraes.pt\/index.php?rest_route=\/wp\/v2\/types\/page"}],"author":[{"embeddable":true,"href":"http:\/\/pdm.guimaraes.pt\/index.php?rest_route=\/wp\/v2\/users\/1"}],"replies":[{"embeddable":true,"href":"http:\/\/pdm.guimaraes.pt\/index.php?rest_route=%2Fwp%2Fv2%2Fcomments&post=22"}],"version-history":[{"count":28,"href":"http:\/\/pdm.guimaraes.pt\/index.php?rest_route=\/wp\/v2\/pages\/22\/revisions"}],"predecessor-version":[{"id":738,"href":"http:\/\/pdm.guimaraes.pt\/index.php?rest_route=\/wp\/v2\/pages\/22\/revisions\/738"}],"wp:attachment":[{"href":"http:\/\/pdm.guimaraes.pt\/index.php?rest_route=%2Fwp%2Fv2%2Fmedia&parent=22"}],"curies":[{"name":"wp","href":"https:\/\/api.w.org\/{rel}","templated":true}]}}